{"id":67486,"date":"2017-12-20T09:52:39","date_gmt":"2017-12-20T09:52:39","guid":{"rendered":"http:\/\/qa-shalomtidings.webc.in\/term-and-condition\/"},"modified":"2025-11-26T05:08:28","modified_gmt":"2025-11-26T05:08:28","slug":"term-and-condition","status":"publish","type":"page","link":"http:\/\/qa-shalomtidings.webc.in\/pl\/term-and-condition\/","title":{"rendered":"Warunki Korzystania"},"content":{"rendered":"<p><strong>WARUNKI KORZYSTANIA<\/strong><\/p>\n<p>Dzi\u0119kujemy za odwiedzenie naszej strony internetowej. Niniejsza strona internetowa jest udost\u0119pniana przez<\/p>\n<p>&nbsp;<\/p>\n<p>Shalom Media USA Inc.<br \/>\n211 East Wisconsin Road<br \/>\nEdinburg, Texas 78539<\/p>\n<p>&nbsp;<\/p>\n<p><a href=\"https:\/\/qa-shalomtidings.webc.in\/\">www.shalomtidings.org<\/a> jest oficjaln\u0105 stron\u0105 internetow\u0105 Shalom Media USA Inc., organizacji non-profit typu 501(c)(3).<\/p>\n<p>&nbsp;<\/p>\n<p><strong>KORZYSTANIE Z US\u0141UG NASZEJ STRONY INTERNETOWEJ<\/strong><\/p>\n<p>&nbsp;<\/p>\n<p>Witryna\u00a0<a href=\"https:\/\/qa-shalomtidings.webc.in\/\">www.shalomtidings.org<\/a>? oferuje bardzo zr\u00f3\u017cnicowane tre\u015bci i us\u0142ugi, dlatego czasami mog\u0105 mie\u0107 zastosowanie dodatkowe warunki lub wymagania dotycz\u0105ce produkt\u00f3w. Dodatkowe postanowienia b\u0119d\u0105 dost\u0119pne wraz z odpowiednimi us\u0142ugami i stan\u0105 si\u0119 cz\u0119\u015bci\u0105 umowy u\u017cytkownika z nami, je\u015bli u\u017cytkownik skorzysta z tych us\u0142ug. Do\u0142o\u017cyli\u015bmy wszelkich stara\u0144, aby nasza witryna internetowa by\u0142a u\u017cyteczna i zawiera\u0142a przydatne informacje. Odwiedzaj\u0105c t\u0119 witryn\u0119 internetow\u0105, korzystaj\u0105c z us\u0142ug i tre\u015bci, u\u017cytkownik wyra\u017ca zgod\u0119 na przestrzeganie poni\u017cszych warunk\u00f3w. Korzystaj\u0105c z naszej strony internetowej, automatycznie wyra\u017casz na nie zgod\u0119. Oczywi\u015bcie, je\u015bli jej nie wyra\u017casz, prosimy o niekorzystanie z naszych stron. Zastrzegamy sobie prawo do wprowadzania w dowolnym momencie zmian, kt\u00f3re uznamy za konieczne. Prosimy o regularne sprawdzanie niniejszych warunk\u00f3w, aby zapozna\u0107 si\u0119 z ewentualnymi zmianami. Korzystanie ze strony internetowej Shalom Media USA Inc. automatycznie oznacza ich akceptacj\u0119. Nale\u017cy przestrzega\u0107 wszystkich zasad udost\u0119pnionych w ramach Us\u0142ug.<\/p>\n<p>&nbsp;<\/p>\n<p>Odwiedzaj\u0105c stron\u0119 internetow\u0105, zgadzasz si\u0119 nie zak\u0142\u00f3ca\u0107 dzia\u0142ania naszych Us\u0142ug ani nie pr\u00f3bowa\u0107 uzyska\u0107 do nich dost\u0119pu w spos\u00f3b inny ni\u017c za pomoc\u0105 interfejsu i instrukcji, kt\u00f3re udost\u0119pniamy. Mo\u017cesz korzysta\u0107 z naszych Us\u0142ug wy\u0142\u0105cznie w zakresie dozwolonym przez prawo, w tym obowi\u0105zuj\u0105ce przepisy i regulacje dotycz\u0105ce kontroli eksportu i reeksportu. Mo\u017cemy zawiesi\u0107 lub zaprzesta\u0107 \u015bwiadczenia naszych Us\u0142ug, je\u015bli nie b\u0119dziesz przestrzega\u0142 naszych warunk\u00f3w lub zasad lub je\u015bli zaczniemy prowadzi\u0107 dochodzenie w sprawie podejrzenia niew\u0142a\u015bciwego post\u0119powania. Nie nale\u017cy nadu\u017cywa\u0107 naszych Us\u0142ug. Korzystanie z nich nie daje u\u017cytkownikowi \u017cadnych praw w\u0142asno\u015bci do samych Us\u0142ug ani tre\u015bci, do kt\u00f3rych uzyskuje dost\u0119p. Nie wolno korzysta\u0107 z tre\u015bci naszych Us\u0142ug bez zgody ich w\u0142a\u015bciciela lub zezwolenia wynikaj\u0105cego z przepis\u00f3w prawa. Niniejsze warunki nie przyznaj\u0105 u\u017cytkownikowi prawa do u\u017cywania znak\u00f3w towarowych ani logo zwi\u0105zanych z Us\u0142ugami. Nie wolno usuwa\u0107, zas\u0142ania\u0107 ani zmienia\u0107 \u017cadnych informacji prawnych wy\u015bwietlanych w naszych Us\u0142ugach lub wraz z nimi. W zwi\u0105zku z korzystaniem z Us\u0142ug mo\u017cemy wysy\u0142a\u0107 u\u017cytkownikowi og\u0142oszenia dotycz\u0105ce us\u0142ug, wiadomo\u015bci administracyjne i inne informacje. U\u017cytkownik mo\u017ce zrezygnowa\u0107 z niekt\u00f3rych z tych komunikat\u00f3w. Niekt\u00f3re z naszych Us\u0142ug s\u0105 dost\u0119pne na urz\u0105dzeniach mobilnych za po\u015brednictwem aplikacji na platformy Android i Mac. Zabrania si\u0119 korzystania z takich Us\u0142ug w spos\u00f3b mog\u0105cy spowodowa\u0107 szkod\u0119 fizyczn\u0105, psychiczn\u0105 lub spo\u0142eczn\u0105 u u\u017cytkownika. Nie nale\u017cy r\u00f3wnie\u017c korzysta\u0107 z takich us\u0142ug, aby odwraca\u0107 uwag\u0119 i uniemo\u017cliwia\u0107 przestrzeganie przepis\u00f3w ruchu drogowego lub bezpiecze\u0144stwa obowi\u0105zuj\u0105cych w danym stanie.<\/p>\n<p>&nbsp;<\/p>\n<p><strong>OGRANICZENIA<\/strong><\/p>\n<p>&nbsp;<\/p>\n<p>Wszystkie materia\u0142y zawarte na stronie internetowej Shalom Media USA Inc. (\u201eMateria\u0142y online\u201d) s\u0105 chronione prawem autorskim Shalom Media USA. Wszystkie znaki towarowe, znaki us\u0142ugowe i nazwy handlowe s\u0105 w\u0142asno\u015bci\u0105 Shalom Media USA Inc. \u017badne materia\u0142y online, w tym filmy i muzyka, z naszej strony internetowej nie mog\u0105 by\u0107 pobierane, kopiowane, reprodukowane, ponownie publikowane, przesy\u0142ane, zamieszczane, transmitowane ani rozpowszechniane w jakikolwiek spos\u00f3b, z wyj\u0105tkiem sytuacji, gdy u\u017cytkownik pobiera jedn\u0105 kopi\u0119 materia\u0142\u00f3w na jeden komputer wy\u0142\u0105cznie do osobistego, niekomercyjnego u\u017cytku domowego, pod warunkiem \u017ce 1) zachowa wszystkie informacje o prawach autorskich, znakach towarowych i prawach w\u0142asno\u015bci, 2) nie wprowadzisz \u017cadnych zmian w materia\u0142ach, 3) nie wykorzystasz materia\u0142\u00f3w w spos\u00f3b sugeruj\u0105cy powi\u0105zanie z jakimikolwiek naszymi produktami, us\u0142ugami, wydarzeniami lub markami oraz 4) nie pobierzesz du\u017cej ilo\u015bci materia\u0142\u00f3w do bazy danych, serwera lub komputera osobistego w celu ponownego wykorzystania w celach komercyjnych. Nie wolno jednak kopiowa\u0107, reprodukowa\u0107, ponownie publikowa\u0107, przesy\u0142a\u0107, zamieszcza\u0107, transmitowa\u0107 ani rozpowszechnia\u0107 naszych materia\u0142\u00f3w online w jakikolwiek spos\u00f3b lub w jakimkolwiek innym celu, chyba \u017ce uzyskasz wcze\u015bniej nasz\u0105 pisemn\u0105 zgod\u0119. Nie wolno r\u00f3wnie\u017c dodawa\u0107, usuwa\u0107, zniekszta\u0142ca\u0107 ani fa\u0142szywie przedstawia\u0107 \u017cadnych tre\u015bci na stronie internetowej Shalom Media USA Inc. Pr\u00f3by modyfikowania jakichkolwiek materia\u0142\u00f3w online lub pokonywania lub obchodzenia naszych zabezpiecze\u0144 s\u0105 zabronione.<\/p>\n<p>&nbsp;<\/p>\n<p><strong>PRZESY\u0141ANIE MATERIA\u0141\u00d3W ONLINE<\/strong><\/p>\n<p>&nbsp;<\/p>\n<p>Wszelkie uwagi, pomys\u0142y, komentarze, grafiki, sugestie, opinie lub inne informacje przes\u0142ane do Shalom Media USA Inc. za po\u015brednictwem naszych stron internetowych (z wyj\u0105tkiem informacji, kt\u00f3re zobowi\u0105zujemy si\u0119 chroni\u0107 zgodnie z nasz\u0105 polityk\u0105 prywatno\u015bci) staj\u0105 si\u0119 i pozostaj\u0105 nasz\u0105 w\u0142asno\u015bci\u0105, nawet je\u015bli niniejsza umowa zostanie p\u00f3\u017aniej rozwi\u0105zana. Takie materia\u0142y nie s\u0105 traktowane jako poufne. Je\u015bli wykorzystamy je lub podobne materia\u0142y, nie jeste\u015bmy zobowi\u0105zani do wyp\u0142acenia wynagrodzenia Pa\u0144stwu ani \u017cadnej innej osobie. B\u0119dziemy mieli wy\u0142\u0105czne prawo w\u0142asno\u015bci do wszystkich obecnych i przysz\u0142ych praw do wszelkiego rodzaju materia\u0142\u00f3w przes\u0142anych za po\u015brednictwem stron internetowych. Mo\u017cemy wykorzysta\u0107 Pa\u0144stwa imi\u0119 i nazwisko w celach promocyjnych lub innych, ale nie jest to obowi\u0105zkowe. Mo\u017cemy wykorzystywa\u0107 je do dowolnych cel\u00f3w, kt\u00f3re uznamy za odpowiednie dla misji Shalom Media USA Inc., bez konieczno\u015bci wyp\u0142acania wynagrodzenia u\u017cytkownikowi lub jakiejkolwiek innej osobie. Je\u015bli wykorzystamy te materia\u0142y lub materia\u0142y o podobnym charakterze, nie jeste\u015bmy zobowi\u0105zani do wyp\u0142acania wynagrodzenia u\u017cytkownikowi ani \u017cadnej innej osobie. B\u0119dziemy mieli wy\u0142\u0105czne prawo do wszystkich obecnych i przysz\u0142ych praw do wszelkiego rodzaju zg\u0142osze\u0144. U\u017cytkownik przyjmuje do wiadomo\u015bci, \u017ce ponosi odpowiedzialno\u015b\u0107 za wszelkie zg\u0142oszenia, kt\u00f3rych dokonuje. Oznacza to, \u017ce to u\u017cytkownik (a nie my) ponosi pe\u0142n\u0105 odpowiedzialno\u015b\u0107 za tre\u015b\u0107, przekaz lub prezentacj\u0119, w tym za jej legalno\u015b\u0107, wiarygodno\u015b\u0107, stosowno\u015b\u0107, oryginalno\u015b\u0107 i prawa autorskie. Wi\u0119cej informacji mo\u017cna znale\u017a\u0107 na stronie <a href=\"https:\/\/shalomtidings.org\/term-and-condition\/\">https:\/\/shalomtidings.org\/term-and-condition\/<\/a>.<\/p>\n<p>&nbsp;<\/p>\n<p><strong>OGRANICZENIA ODPOWIEDZIALNO\u015aCI<\/strong><\/p>\n<p>&nbsp;<\/p>\n<p>Shalom Media USA Inc. i <a href=\"https:\/\/qa-shalomtidings.webc.in\/\">www.shalomtidings.org<\/a>? nie ponosz\u0105 odpowiedzialno\u015bci za jakiekolwiek szkody lub obra\u017cenia towarzysz\u0105ce lub wynikaj\u0105ce z korzystania przez u\u017cytkownika z kt\u00f3rejkolwiek z ich stron internetowych. Obejmuj\u0105 one (mi\u0119dzy innymi) szkody lub obra\u017cenia spowodowane przez: korzystanie lub niemo\u017cno\u015b\u0107 korzystania z witryn, korzystanie lub niemo\u017cno\u015b\u0107 korzystania z jakiejkolwiek witryny, do kt\u00f3rej prowadzi hiper\u0142\u0105cze z naszych witryn, nieprawid\u0142owe dzia\u0142anie naszych witryn w spos\u00f3b oczekiwany lub po\u017c\u0105dany przez u\u017cytkownika, b\u0142\u0119dy lub pomini\u0119cia w naszych witrynach, przerwy w dzia\u0142aniu lub dost\u0119pno\u015bci naszych witryn, wady lub op\u00f3\u017anienia w dzia\u0142aniu lub transmisji naszych witryn, wirusy komputerowe lub awarie \u0142\u0105czy. Nie ponosimy r\u00f3wnie\u017c odpowiedzialno\u015bci za jakiekolwiek szkody spowodowane korzystaniem z naszej witryny internetowej. Nie ponosimy odpowiedzialno\u015bci nawet w przypadku naszego zaniedbania.<\/p>\n<p>&nbsp;<\/p>\n<p><strong>LINKS<\/strong><\/p>\n<p>&nbsp;<\/p>\n<p>Czasami na naszej stronie internetowej zamieszczamy odno\u015bniki i linki do innych stron internetowych. Linki takie nie powinny by\u0107 traktowane jako poparcie, zatwierdzenie lub zgoda na jakiekolwiek informacje lub zasoby oferowane na stronach, do kt\u00f3rych mo\u017cna uzyska\u0107 dost\u0119p za po\u015brednictwem naszej strony internetowej. W razie w\u0105tpliwo\u015bci nale\u017cy zawsze sprawdzi\u0107 adres URL podany w przegl\u0105darce internetowej, aby upewni\u0107 si\u0119, czy nadal znajdujesz si\u0119 na stronie obs\u0142ugiwanej przez Shalom Media USA Inc., czy te\u017c przenios\u0142e\u015b si\u0119 na inn\u0105 stron\u0119. Shalom Media USA Inc. nie ponosi odpowiedzialno\u015bci za tre\u015b\u0107 lub praktyki stron os\u00f3b trzecich, kt\u00f3re mog\u0105 by\u0107 powi\u0105zane z nasz\u0105 stron\u0105 internetow\u0105. Gdy Shalom Media USA Inc. podaje linki lub odniesienia do innych stron internetowych, nie nale\u017cy wyci\u0105ga\u0107 \u017cadnych wniosk\u00f3w ani zak\u0142ada\u0107, \u017ce Shalom Media USA Inc. jest powi\u0105zana z tymi stronami internetowymi, obs\u0142uguje je lub kontroluje. \u017badne zatwierdzone linki nie mog\u0105 w \u017caden spos\u00f3b, ani wprost, ani po\u015brednio, sugerowa\u0107, \u017ce u\u017cytkownik otrzyma\u0142 poparcie, sponsoring lub wsparcie jakiejkolwiek strony Shalom Media USA Inc. lub poparcie, sponsoring lub wsparcie ministerstwa Shalom Media USA Inc., w tym jego pracownik\u00f3w, agent\u00f3w lub dyrektor\u00f3w. Wi\u0119cej informacji mo\u017cna znale\u017a\u0107 na stronie <a href=\"https:\/\/shalomtidings.org\/term-and-condition\/\">https:\/\/shalomtidings.org\/term-and-condition\/<\/a>.<\/p>\n<p>&nbsp;<\/p>\n<p><strong>WYGA\u015aNI\u0118CIE UMOWY<\/strong><\/p>\n<p>&nbsp;<\/p>\n<p>Niniejsza umowa obowi\u0105zuje do momentu jej wyga\u015bni\u0119cia przez kt\u00f3r\u0105kolwiek ze stron. U\u017cytkownik mo\u017ce wypowiedzie\u0107 niniejsz\u0105 umow\u0119 w dowolnym momencie, niszcz\u0105c wszystkie materia\u0142y uzyskane ze strony internetowej Shalom Media USA Inc., wraz z ca\u0142\u0105 powi\u0105zan\u0105 dokumentacj\u0105 oraz wszystkimi kopiami i instalacjami. Shalom Media USA Inc. mo\u017ce wypowiedzie\u0107 niniejsz\u0105 umow\u0119 w dowolnym momencie i bez powiadomienia u\u017cytkownika, je\u015bli wed\u0142ug w\u0142asnego uznania u\u017cytkownik naruszy kt\u00f3rykolwiek z warunk\u00f3w niniejszej umowy. Po wyga\u015bni\u0119ciu umowy u\u017cytkownik musi zniszczy\u0107 wszystkie materia\u0142y. Ponadto, udost\u0119pniaj\u0105c materia\u0142y na naszej stronie internetowej, nie gwarantujemy w \u017caden spos\u00f3b, \u017ce materia\u0142y te b\u0119d\u0105 nadal dost\u0119pne dla u\u017cytkownika. Shalom Media USA Inc. ma prawo wypowiedzie\u0107 ca\u0142o\u015b\u0107 lub cz\u0119\u015b\u0107 swojej strony internetowej bez powiadomienia u\u017cytkownika.<\/p>\n<p>&nbsp;<\/p>\n<p><strong>JURYSDYKCJA<\/strong><\/p>\n<p>&nbsp;<\/p>\n<p>O ile nie okre\u015blono inaczej, materia\u0142y online na naszych stronach internetowych maj\u0105 na celu dostarczenie informacji o zasobach Shalom Media USA Inc. Dzia\u0142alno\u015b\u0107 Shalom Media USA Inc. zosta\u0142a zorganizowana zgodnie z prawem stanu Teksas w Stanach Zjednoczonych Ameryki. Je\u015bli korzystasz z naszej strony internetowej spoza Stan\u00f3w Zjednoczonych, jeste\u015b odpowiedzialny za przestrzeganie wszelkich obowi\u0105zuj\u0105cych przepis\u00f3w prawa. Niniejsze Warunki u\u017cytkowania oraz umowa, kt\u00f3r\u0105 tworz\u0105, podlegaj\u0105 prawu stanu Teksas i b\u0119d\u0105 interpretowane zgodnie z nim (bez stosowania zasad kolizji praw). Je\u015bli kt\u00f3rekolwiek z postanowie\u0144 niniejszej umowy jest niezgodne z prawem, niewa\u017cne lub niewykonalne, nie wp\u0142ynie to na wa\u017cno\u015b\u0107 i wykonalno\u015b\u0107 pozosta\u0142ych postanowie\u0144. Shalom Media USA Inc. mo\u017ce w dowolnym momencie zmieni\u0107 niniejsze Warunki u\u017cytkowania oraz umow\u0119, kt\u00f3r\u0105 tworz\u0105, po prostu aktualizuj\u0105c niniejsz\u0105 publikacj\u0119 i bez powiadamiania u\u017cytkownika. Niniejsza umowa stanowi CA\u0141O\u015a\u0106 porozumienia dotycz\u0105cego wszystkich wymienionych kwestii.<\/p>\n<p>&nbsp;<\/p>\n","protected":false},"excerpt":{"rendered":"<p>WARUNKI KORZYSTANIA Dzi\u0119kujemy za odwiedzenie naszej strony internetowej. Niniejsza strona internetowa jest udost\u0119pniana przez &nbsp; Shalom Media USA Inc. 211 East Wisconsin Road Edinburg, Texas 78539 &nbsp; www.shalomtidings.org jest oficjaln\u0105 stron\u0105 internetow\u0105 Shalom Media USA Inc., organizacji non-profit typu 501(c)(3). &nbsp; KORZYSTANIE Z US\u0141UG NASZEJ STRONY INTERNETOWEJ &nbsp; Witryna\u00a0www.shalomtidings.org? oferuje bardzo zr\u00f3\u017cnicowane tre\u015bci i us\u0142ugi, [&hellip;]<\/p>\n","protected":false},"author":1,"featured_media":0,"parent":0,"menu_order":0,"comment_status":"closed","ping_status":"closed","template":"","meta":{"inline_featured_image":false},"acf":[],"yoast_head":"<!-- This site is optimized with the Yoast SEO plugin v20.12 - https:\/\/yoast.com\/wordpress\/plugins\/seo\/ -->\n<title>Terms &amp; Conditions | Shalom Tidings<\/title>\n<meta name=\"robots\" content=\"noindex, follow, max-snippet:-1, max-image-preview:large, max-video-preview:-1\" \/>\n<meta property=\"og:locale\" content=\"pl_PL\" \/>\n<meta property=\"og:type\" content=\"article\" \/>\n<meta property=\"og:title\" content=\"Terms &amp; Conditions | Shalom Tidings\" \/>\n<meta property=\"og:description\" content=\"WARUNKI KORZYSTANIA Dzi\u0119kujemy za odwiedzenie naszej strony internetowej. Niniejsza strona internetowa jest udost\u0119pniana przez &nbsp; Shalom Media USA Inc. 211 East Wisconsin Road Edinburg, Texas 78539 &nbsp; www.shalomtidings.org jest oficjaln\u0105 stron\u0105 internetow\u0105 Shalom Media USA Inc., organizacji non-profit typu 501(c)(3). &nbsp; KORZYSTANIE Z US\u0141UG NASZEJ STRONY INTERNETOWEJ &nbsp; Witryna\u00a0www.shalomtidings.org? oferuje bardzo zr\u00f3\u017cnicowane tre\u015bci i us\u0142ugi, [&hellip;]\" \/>\n<meta property=\"og:url\" content=\"http:\/\/qa-shalomtidings.webc.in\/pl\/term-and-condition\/\" \/>\n<meta property=\"og:site_name\" content=\"Shalom Tidings\" \/>\n<meta property=\"article:modified_time\" content=\"2025-11-26T05:08:28+00:00\" \/>\n<meta property=\"og:image\" content=\"http:\/\/qa-shalomtidings.webc.in\/wp-content\/uploads\/2021\/09\/Shalom-Tidings-1.jpg\" \/>\n\t<meta property=\"og:image:width\" content=\"1060\" \/>\n\t<meta property=\"og:image:height\" content=\"550\" \/>\n\t<meta property=\"og:image:type\" content=\"image\/jpeg\" \/>\n<meta name=\"twitter:card\" content=\"summary_large_image\" \/>\n<meta name=\"twitter:label1\" content=\"Szacowany czas czytania\" \/>\n\t<meta name=\"twitter:data1\" content=\"7 minut\" \/>\n<script type=\"application\/ld+json\" class=\"yoast-schema-graph\">{\"@context\":\"https:\/\/schema.org\",\"@graph\":[{\"@type\":\"WebPage\",\"@id\":\"http:\/\/qa-shalomtidings.webc.in\/pl\/term-and-condition\/\",\"url\":\"http:\/\/qa-shalomtidings.webc.in\/pl\/term-and-condition\/\",\"name\":\"Terms & Conditions | Shalom Tidings\",\"isPartOf\":{\"@id\":\"http:\/\/qa-shalomtidings.webc.in\/pl\/#website\"},\"datePublished\":\"2017-12-20T09:52:39+00:00\",\"dateModified\":\"2025-11-26T05:08:28+00:00\",\"breadcrumb\":{\"@id\":\"http:\/\/qa-shalomtidings.webc.in\/pl\/term-and-condition\/#breadcrumb\"},\"inLanguage\":\"pl-PL\",\"potentialAction\":[{\"@type\":\"ReadAction\",\"target\":[\"http:\/\/qa-shalomtidings.webc.in\/pl\/term-and-condition\/\"]}]},{\"@type\":\"BreadcrumbList\",\"@id\":\"http:\/\/qa-shalomtidings.webc.in\/pl\/term-and-condition\/#breadcrumb\",\"itemListElement\":[{\"@type\":\"ListItem\",\"position\":1,\"name\":\"Strona g\u0142\u00f3wna\",\"item\":\"http:\/\/qa-shalomtidings.webc.in\/pl\/\"},{\"@type\":\"ListItem\",\"position\":2,\"name\":\"Warunki Korzystania\"}]},{\"@type\":\"WebSite\",\"@id\":\"http:\/\/qa-shalomtidings.webc.in\/pl\/#website\",\"url\":\"http:\/\/qa-shalomtidings.webc.in\/pl\/\",\"name\":\"Shalom Tidings\",\"description\":\"A New Lifestyle Magazine\",\"potentialAction\":[{\"@type\":\"SearchAction\",\"target\":{\"@type\":\"EntryPoint\",\"urlTemplate\":\"http:\/\/qa-shalomtidings.webc.in\/pl\/?s={search_term_string}\"},\"query-input\":\"required name=search_term_string\"}],\"inLanguage\":\"pl-PL\"}]}<\/script>\n<!-- \/ Yoast SEO plugin. -->","yoast_head_json":{"title":"Terms & Conditions | Shalom Tidings","robots":{"index":"noindex","follow":"follow","max-snippet":"max-snippet:-1","max-image-preview":"max-image-preview:large","max-video-preview":"max-video-preview:-1"},"og_locale":"pl_PL","og_type":"article","og_title":"Terms & Conditions | Shalom Tidings","og_description":"WARUNKI KORZYSTANIA Dzi\u0119kujemy za odwiedzenie naszej strony internetowej. Niniejsza strona internetowa jest udost\u0119pniana przez &nbsp; Shalom Media USA Inc. 211 East Wisconsin Road Edinburg, Texas 78539 &nbsp; www.shalomtidings.org jest oficjaln\u0105 stron\u0105 internetow\u0105 Shalom Media USA Inc., organizacji non-profit typu 501(c)(3). &nbsp; KORZYSTANIE Z US\u0141UG NASZEJ STRONY INTERNETOWEJ &nbsp; Witryna\u00a0www.shalomtidings.org? oferuje bardzo zr\u00f3\u017cnicowane tre\u015bci i us\u0142ugi, [&hellip;]","og_url":"http:\/\/qa-shalomtidings.webc.in\/pl\/term-and-condition\/","og_site_name":"Shalom Tidings","article_modified_time":"2025-11-26T05:08:28+00:00","og_image":[{"width":1060,"height":550,"url":"http:\/\/qa-shalomtidings.webc.in\/wp-content\/uploads\/2021\/09\/Shalom-Tidings-1.jpg","type":"image\/jpeg"}],"twitter_card":"summary_large_image","twitter_misc":{"Szacowany czas czytania":"7 minut"},"schema":{"@context":"https:\/\/schema.org","@graph":[{"@type":"WebPage","@id":"http:\/\/qa-shalomtidings.webc.in\/pl\/term-and-condition\/","url":"http:\/\/qa-shalomtidings.webc.in\/pl\/term-and-condition\/","name":"Terms & Conditions | Shalom Tidings","isPartOf":{"@id":"http:\/\/qa-shalomtidings.webc.in\/pl\/#website"},"datePublished":"2017-12-20T09:52:39+00:00","dateModified":"2025-11-26T05:08:28+00:00","breadcrumb":{"@id":"http:\/\/qa-shalomtidings.webc.in\/pl\/term-and-condition\/#breadcrumb"},"inLanguage":"pl-PL","potentialAction":[{"@type":"ReadAction","target":["http:\/\/qa-shalomtidings.webc.in\/pl\/term-and-condition\/"]}]},{"@type":"BreadcrumbList","@id":"http:\/\/qa-shalomtidings.webc.in\/pl\/term-and-condition\/#breadcrumb","itemListElement":[{"@type":"ListItem","position":1,"name":"Strona g\u0142\u00f3wna","item":"http:\/\/qa-shalomtidings.webc.in\/pl\/"},{"@type":"ListItem","position":2,"name":"Warunki Korzystania"}]},{"@type":"WebSite","@id":"http:\/\/qa-shalomtidings.webc.in\/pl\/#website","url":"http:\/\/qa-shalomtidings.webc.in\/pl\/","name":"Shalom Tidings","description":"A New Lifestyle Magazine","potentialAction":[{"@type":"SearchAction","target":{"@type":"EntryPoint","urlTemplate":"http:\/\/qa-shalomtidings.webc.in\/pl\/?s={search_term_string}"},"query-input":"required name=search_term_string"}],"inLanguage":"pl-PL"}]}},"_links":{"self":[{"href":"http:\/\/qa-shalomtidings.webc.in\/pl\/wp-json\/wp\/v2\/pages\/67486"}],"collection":[{"href":"http:\/\/qa-shalomtidings.webc.in\/pl\/wp-json\/wp\/v2\/pages"}],"about":[{"href":"http:\/\/qa-shalomtidings.webc.in\/pl\/wp-json\/wp\/v2\/types\/page"}],"author":[{"embeddable":true,"href":"http:\/\/qa-shalomtidings.webc.in\/pl\/wp-json\/wp\/v2\/users\/1"}],"replies":[{"embeddable":true,"href":"http:\/\/qa-shalomtidings.webc.in\/pl\/wp-json\/wp\/v2\/comments?post=67486"}],"version-history":[{"count":2,"href":"http:\/\/qa-shalomtidings.webc.in\/pl\/wp-json\/wp\/v2\/pages\/67486\/revisions"}],"predecessor-version":[{"id":67524,"href":"http:\/\/qa-shalomtidings.webc.in\/pl\/wp-json\/wp\/v2\/pages\/67486\/revisions\/67524"}],"wp:attachment":[{"href":"http:\/\/qa-shalomtidings.webc.in\/pl\/wp-json\/wp\/v2\/media?parent=67486"}],"curies":[{"name":"wp","href":"https:\/\/api.w.org\/{rel}","templated":true}]}}